{"id":49826,"date":"2021-05-25T05:32:49","date_gmt":"2021-05-25T03:32:49","guid":{"rendered":"https:\/\/pood.biotrend.ee\/become-a-partner\/"},"modified":"2023-06-08T09:38:29","modified_gmt":"2023-06-08T07:38:29","slug":"become-a-partner","status":"publish","type":"page","link":"https:\/\/pood.biotrend.ee\/en\/become-a-partner\/","title":{"rendered":"Become a partner!"},"content":{"rendered":"\t\t<div data-elementor-type=\"wp-page\" data-elementor-id=\"49826\" class=\"elementor elementor-49826 elementor-3021\">\n\t\t\t\t\t\t<section class=\" elementor-section elementor-top-section elementor-element elementor-element-7405424 elementor-section-content-middle elementor-section-boxed elementor-section-height-default elementor-section-height-default\" data-id=\"7405424\" data-element_type=\"section\" data-e-type=\"section\">\r\n\t\t\t\t\t\t\t\t\t\t<div class=\"elementor-container elementor-column-gap-default\" >\r\n\t\t\t\t\t\t\t\t\t\t<div class=\" elementor-column elementor-col-50 elementor-top-column elementor-element elementor-element-994bad7\" data-id=\"994bad7\" data-element_type=\"column\" data-e-type=\"column\">\r\n\t\t\t\r\n\t\t\t<div class=\"elementor-widget-wrap elementor-element-populated\">\r\n\t\t\t\t\t\t\t\t<div class=\"elementor-element elementor-element-127de7f elementor-widget elementor-widget-wolmart_widget_banner\" data-id=\"127de7f\" data-element_type=\"widget\" data-e-type=\"widget\" data-widget_type=\"wolmart_widget_banner.default\">\r\n\t\t\t\t<div class=\"elementor-widget-container\">\n\t\t\t\t\t<div class=\"banner banner-fixed\"><div class=\"banner-content t-m\"><h5 class=\"banner-item elementor-repeater-item-054e6f1 text-primary appear-animate animated- item-block text\" data-settings='{\"_animation\":\"fadeInRightShorter\",\"_animation_delay\":200}'>Sa oled iluteenindaja<\/h5><h3 class=\"banner-item elementor-repeater-item-5e425e1 text-dark appear-animate animated- item-block text\" data-settings='{\"_animation\":\"fadeInRightShorter\",\"_animation_delay\":300}'>Siis tule meie partneriks!<\/h3><p class=\"banner-item elementor-repeater-item-da6e372 appear-animate animated- item-block text\" data-settings='{\"_animation\":\"fadeInRightShorter\",\"_animation_delay\":400}'>Kui Sina oled iluteenindaja v\u00f5i omad ilusalongi v\u00f5i m\u00f5nda muud iluasutust ning sooviksid, et Sinu kliendid saaksid tarbida vaid parimaid tooteid, siis saada meile kiri ja teeme koost\u00f6\u00f6d. Meie br\u00e4ndid ootavad Sind!<\/p><a class=\"banner-item elementor-repeater-item-fd825cf appear-animate animated- item-inline  btn btn-outline btn-rounded btn-dark btn-icon-left\" href=\"mailto:biotrend@biotrend.ee\"  data-settings='{\"_animation\":\"fadeInRightShorter\",\"_animation_delay\":500}'><i class=\"far fa-envelope-open\"><\/i>Saada meile e-kiri<\/a><\/div><\/div>\t\t\t\t<\/div>\n\t\t\t\t<\/div>\n\t\t\t\t\t<\/div>\r\n\t\t\t\r\n\t\t<\/div>\r\n\t\t\t\t<div class=\" elementor-column elementor-col-50 elementor-top-column elementor-element elementor-element-0fa03dc\" data-id=\"0fa03dc\" data-element_type=\"column\" data-e-type=\"column\">\r\n\t\t\t\r\n\t\t\t<div class=\"elementor-widget-wrap elementor-element-populated\">\r\n\t\t\t\t\t\t\t\t<div class=\"elementor-element elementor-element-0aa42ca elementor-invisible elementor-widget elementor-widget-image\" data-id=\"0aa42ca\" data-element_type=\"widget\" data-e-type=\"widget\" data-settings=\"{&quot;_animation&quot;:&quot;fadeIn&quot;,&quot;_animation_delay&quot;:200}\" data-widget_type=\"image.default\">\n\t\t\t\t<div class=\"elementor-widget-container\">\n\t\t\t\t\t\t\t\t\t\t\t\t\t\t\t<img fetchpriority=\"high\" decoding=\"async\" width=\"610\" height=\"435\" src=\"https:\/\/pood.biotrend.ee\/wp-content\/uploads\/2021\/05\/banner-1.jpg\" class=\"attachment-large size-large wp-image-47420\" alt=\"\" srcset=\"https:\/\/pood.biotrend.ee\/wp-content\/uploads\/2021\/05\/banner-1.jpg 610w, https:\/\/pood.biotrend.ee\/wp-content\/uploads\/2021\/05\/banner-1-600x428.jpg 600w\" sizes=\"(max-width: 610px) 100vw, 610px\" \/>\t\t\t\t\t\t\t\t\t\t\t\t\t\t\t<\/div>\n\t\t\t\t<\/div>\n\t\t\t\t\t<\/div>\r\n\t\t\t\r\n\t\t<\/div>\r\n\t\t\t\t\t\t\t\t\t\t\t\t\t\t\t<\/div>\r\n\t\t\t\t\t\t\t<\/section>\r\n\t\t\t\t<section class=\"background-none parallax elementor-section elementor-top-section elementor-element elementor-element-fbf2c5f elementor-section-boxed elementor-section-height-default elementor-section-height-default\" data-image-src=\"https:\/\/d-themes.com\/wordpress\/wolmart\/elements\/wp-content\/uploads\/sites\/3\/2021\/05\/banner-4.jpg\" data-parallax-options=\"{&quot;speed&quot;:6.666666666666667,&quot;parallaxHeight&quot;:&quot;180%&quot;,&quot;offset&quot;:0}\" data-plugin=\"parallax\" data-id=\"fbf2c5f\" data-element_type=\"section\" data-e-type=\"section\" data-settings=\"{&quot;background_background&quot;:&quot;classic&quot;}\">\r\n\t\t\t\t\t\t\t\t\t\t<div class=\"elementor-container elementor-column-gap-no banner\" >\r\n\t\t\t\t\t\t\t\t\t\t<div class=\" elementor-column elementor-col-100 elementor-top-column elementor-element elementor-element-ce77117\" data-id=\"ce77117\" data-element_type=\"column\" data-e-type=\"column\">\r\n\t\t\t\r\n\t\t\t<div class=\"elementor-widget-wrap elementor-element-populated\">\r\n\t\t\t\t\t\t\t\t<div class=\"elementor-element elementor-element-c3dc716 elementor-invisible elementor-widget elementor-widget-heading\" data-id=\"c3dc716\" data-element_type=\"widget\" data-e-type=\"widget\" data-settings=\"{&quot;_animation&quot;:&quot;fadeIn&quot;,&quot;_animation_delay&quot;:200}\" data-widget_type=\"heading.default\">\n\t\t\t\t<div class=\"elementor-widget-container\">\n\t\t\t\t\t<h2 class=\"elementor-heading-title elementor-size-default\">Feel free to ask for our special offer<br>\nfor a beauty retailer starting a new brand<\/h2>\t\t\t\t<\/div>\n\t\t\t\t<\/div>\n\t\t\t\t<div class=\"elementor-element elementor-element-eecbdd2 elementor-invisible elementor-widget elementor-widget-wolmart_widget_button\" data-id=\"eecbdd2\" data-element_type=\"widget\" data-e-type=\"widget\" data-settings=\"{&quot;_animation&quot;:&quot;fadeIn&quot;,&quot;_animation_delay&quot;:400}\" data-widget_type=\"wolmart_widget_button.default\">\n\t\t\t\t<div class=\"elementor-widget-container\">\n\t\t\t\t\t<a class=\"btn btn-outline btn-rounded btn-white\" href=\"mailto:biotrend@biotrend.ee\" >Saada meile e-kiri<\/a>\t\t\t\t<\/div>\n\t\t\t\t<\/div>\n\t\t\t\t\t<\/div>\r\n\t\t\t\r\n\t\t<\/div>\r\n\t\t\t\t\t\t\t\t\t\t\t\t\t\t\t<\/div>\r\n\t\t\t\t\t\t\t<\/section>\r\n\t\t\t\t<\/div>\n\t\t","protected":false},"excerpt":{"rendered":"<p>Sa oled iluteenindaja Siis tule meie partneriks! Kui Sina oled iluteenindaja v\u00f5i omad ilusalongi v\u00f5i m\u00f5nda muud iluasutust ning sooviksid, et Sinu kliendid saaksid tarbida vaid parimaid tooteid, siis saada meile kiri ja teeme koost\u00f6\u00f6d. Meie br\u00e4ndid ootavad Sind! Saada meile e-kiri Feel free to ask for our special offer for a beauty retailer starting [&hellip;]<\/p>\n","protected":false},"author":1,"featured_media":0,"parent":0,"menu_order":0,"comment_status":"closed","ping_status":"closed","template":"","meta":{"footnotes":""},"class_list":["post-49826","page","type-page","status-publish","hentry"],"jetpack_sharing_enabled":true,"_links":{"self":[{"href":"https:\/\/pood.biotrend.ee\/en\/wp-json\/wp\/v2\/pages\/49826","targetHints":{"allow":["GET"]}}],"collection":[{"href":"https:\/\/pood.biotrend.ee\/en\/wp-json\/wp\/v2\/pages"}],"about":[{"href":"https:\/\/pood.biotrend.ee\/en\/wp-json\/wp\/v2\/types\/page"}],"author":[{"embeddable":true,"href":"https:\/\/pood.biotrend.ee\/en\/wp-json\/wp\/v2\/users\/1"}],"replies":[{"embeddable":true,"href":"https:\/\/pood.biotrend.ee\/en\/wp-json\/wp\/v2\/comments?post=49826"}],"version-history":[{"count":1,"href":"https:\/\/pood.biotrend.ee\/en\/wp-json\/wp\/v2\/pages\/49826\/revisions"}],"predecessor-version":[{"id":49828,"href":"https:\/\/pood.biotrend.ee\/en\/wp-json\/wp\/v2\/pages\/49826\/revisions\/49828"}],"wp:attachment":[{"href":"https:\/\/pood.biotrend.ee\/en\/wp-json\/wp\/v2\/media?parent=49826"}],"curies":[{"name":"wp","href":"https:\/\/api.w.org\/{rel}","templated":true}]}}