{"id":49728,"date":"2021-02-28T16:27:41","date_gmt":"2021-02-28T14:27:41","guid":{"rendered":"https:\/\/pood.biotrend.ee\/contact\/"},"modified":"2023-06-08T09:37:48","modified_gmt":"2023-06-08T07:37:48","slug":"contact","status":"publish","type":"page","link":"https:\/\/pood.biotrend.ee\/en\/contact\/","title":{"rendered":"Contact"},"content":{"rendered":"\t\t<div data-elementor-type=\"wp-page\" data-elementor-id=\"49728\" class=\"elementor elementor-49728 elementor-3017\">\n\t\t\t\t\t\t<section class=\" elementor-section elementor-top-section elementor-element elementor-element-752f5c4 elementor-section-boxed elementor-section-height-default elementor-section-height-default\" data-id=\"752f5c4\" data-element_type=\"section\" data-e-type=\"section\">\r\n\t\t\t\t\t\t\t\t\t\t<div class=\"elementor-container elementor-column-gap-no\" >\r\n\t\t\t\t\t\t\t\t\t\t<div class=\" elementor-column elementor-col-100 elementor-top-column elementor-element elementor-element-f4ab23b\" data-id=\"f4ab23b\" data-element_type=\"column\" data-e-type=\"column\">\r\n\t\t\t\r\n\t\t\t<div class=\"elementor-widget-wrap elementor-element-populated\">\r\n\t\t\t\t\t\t\t\t<div class=\"elementor-element elementor-element-443ddb8 mb-3 mt-5 elementor-widget elementor-widget-wolmart_widget_heading\" data-id=\"443ddb8\" data-element_type=\"widget\" data-e-type=\"widget\" data-widget_type=\"wolmart_widget_heading.default\">\n\t\t\t\t<div class=\"elementor-widget-container\">\n\t\t\t\t\t<div class=\"title-wrapper  title-center\"><h3 class=\"title elementor-heading-title\">V\u00f5ta meiega \u00fchendust<\/h3><\/div>\t\t\t\t<\/div>\n\t\t\t\t<\/div>\n\t\t\t\t<div class=\"elementor-element elementor-element-4ca4b1f mb-10 elementor-widget elementor-widget-wolmart_widget_heading\" data-id=\"4ca4b1f\" data-element_type=\"widget\" data-e-type=\"widget\" data-widget_type=\"wolmart_widget_heading.default\">\n\t\t\t\t<div class=\"elementor-widget-container\">\n\t\t\t\t\t<div class=\"title-wrapper  title-center\"><p class=\"title elementor-heading-title\">Telefonile vastame t\u00f6\u00f6p\u00e4evadel 10:00 - 18:00 \/ E-kirja v\u00f5id meile saata iga kell ja igal ajal<\/p><\/div>\t\t\t\t<\/div>\n\t\t\t\t<\/div>\n\t\t\t\t<section class=\" elementor-section elementor-inner-section elementor-element elementor-element-1d99862 pb-1 mb-8 elementor-section-boxed elementor-section-height-default elementor-section-height-default\" data-id=\"1d99862\" data-element_type=\"section\" data-e-type=\"section\">\r\n\t\t\t\t\t\t\t\t\t\t<div class=\"elementor-container elementor-column-gap-no\" >\r\n\t\t\t\t\t\t\t\t\t\t<div class=\" elementor-column elementor-col-100 elementor-inner-column elementor-element elementor-element-28e844f\" data-id=\"28e844f\" data-element_type=\"column\" data-e-type=\"column\">\r\n\t\t\t\r\n\t\t\t<div class=\"elementor-widget-wrap elementor-element-populated\">\r\n\t\t\t\t\t\t\t\t\t<div class=\" row cols-lg-4 cols-md-2 cols-sm-2 cols-1 cols-xl-4 gutter-md slider-wrapper\" data-slider-options=\"{&quot;effect&quot;:&quot;slide&quot;,&quot;spaceBetween&quot;:20,&quot;slidesPerView&quot;:4,&quot;breakpoints&quot;:{&quot;992&quot;:{&quot;slidesPerView&quot;:4},&quot;768&quot;:{&quot;slidesPerView&quot;:2},&quot;576&quot;:{&quot;slidesPerView&quot;:2},&quot;0&quot;:{&quot;slidesPerView&quot;:1},&quot;1200&quot;:{&quot;slidesPerView&quot;:4}},&quot;statusClass&quot;:&quot;slider-nav-outer&quot;}\">\r\n\t\t\t\t\t<div class=\"elementor-element elementor-element-ff0af99 elementor-view-default elementor-position-block-start elementor-mobile-position-block-start elementor-widget elementor-widget-icon-box\" data-id=\"ff0af99\" data-element_type=\"widget\" data-e-type=\"widget\" data-widget_type=\"icon-box.default\">\n\t\t\t\t<div class=\"elementor-widget-container\">\n\t\t\t\t\t\t\t<div class=\"elementor-icon-box-wrapper\">\n\n\t\t\t\t\t\t<div class=\"elementor-icon-box-icon\">\n\t\t\t\t<span  class=\"elementor-icon\">\n\t\t\t\t<i aria-hidden=\"true\" class=\"  w-icon-envelop-closed\"><\/i>\t\t\t\t<\/span>\n\t\t\t<\/div>\n\t\t\t\n\t\t\t\t\t\t<div class=\"elementor-icon-box-content\">\n\n\t\t\t\t\t\t\t\t\t<h4 class=\"elementor-icon-box-title\">\n\t\t\t\t\t\t<span  >\n\t\t\t\t\t\t\tE-mail address\t\t\t\t\t\t<\/span>\n\t\t\t\t\t<\/h4>\n\t\t\t\t\n\t\t\t\t\t\t\t\t\t<p class=\"elementor-icon-box-description\">\n\t\t\t\t\t\tbiotrend@biotrend.ee\t\t\t\t\t<\/p>\n\t\t\t\t\n\t\t\t<\/div>\n\t\t\t\n\t\t<\/div>\n\t\t\t\t\t\t<\/div>\n\t\t\t\t<\/div>\n\t\t\t\t<div class=\"elementor-element elementor-element-072219a elementor-view-default elementor-position-block-start elementor-mobile-position-block-start elementor-widget elementor-widget-icon-box\" data-id=\"072219a\" data-element_type=\"widget\" data-e-type=\"widget\" data-widget_type=\"icon-box.default\">\n\t\t\t\t<div class=\"elementor-widget-container\">\n\t\t\t\t\t\t\t<div class=\"elementor-icon-box-wrapper\">\n\n\t\t\t\t\t\t<div class=\"elementor-icon-box-icon\">\n\t\t\t\t<span  class=\"elementor-icon\">\n\t\t\t\t<i aria-hidden=\"true\" class=\"  w-icon-headphone\"><\/i>\t\t\t\t<\/span>\n\t\t\t<\/div>\n\t\t\t\n\t\t\t\t\t\t<div class=\"elementor-icon-box-content\">\n\n\t\t\t\t\t\t\t\t\t<h4 class=\"elementor-icon-box-title\">\n\t\t\t\t\t\t<span  >\n\t\t\t\t\t\t\tPhone number\t\t\t\t\t\t<\/span>\n\t\t\t\t\t<\/h4>\n\t\t\t\t\n\t\t\t\t\t\t\t\t\t<p class=\"elementor-icon-box-description\">\n\t\t\t\t\t\t+372 44 600 50\t\t\t\t\t<\/p>\n\t\t\t\t\n\t\t\t<\/div>\n\t\t\t\n\t\t<\/div>\n\t\t\t\t\t\t<\/div>\n\t\t\t\t<\/div>\n\t\t\t\t<div class=\"elementor-element elementor-element-179eb9d elementor-view-default elementor-position-block-start elementor-mobile-position-block-start elementor-widget elementor-widget-icon-box\" data-id=\"179eb9d\" data-element_type=\"widget\" data-e-type=\"widget\" data-widget_type=\"icon-box.default\">\n\t\t\t\t<div class=\"elementor-widget-container\">\n\t\t\t\t\t\t\t<div class=\"elementor-icon-box-wrapper\">\n\n\t\t\t\t\t\t<div class=\"elementor-icon-box-icon\">\n\t\t\t\t<span  class=\"elementor-icon\">\n\t\t\t\t<i aria-hidden=\"true\" class=\"  w-icon-map-marker\"><\/i>\t\t\t\t<\/span>\n\t\t\t<\/div>\n\t\t\t\n\t\t\t\t\t\t<div class=\"elementor-icon-box-content\">\n\n\t\t\t\t\t\t\t\t\t<h4 class=\"elementor-icon-box-title\">\n\t\t\t\t\t\t<span  >\n\t\t\t\t\t\t\tAddress of representation\t\t\t\t\t\t<\/span>\n\t\t\t\t\t<\/h4>\n\t\t\t\t\n\t\t\t\t\t\t\t\t\t<p class=\"elementor-icon-box-description\">\n\t\t\t\t\t\tTartu mnt.35, Tallinn\t\t\t\t\t<\/p>\n\t\t\t\t\n\t\t\t<\/div>\n\t\t\t\n\t\t<\/div>\n\t\t\t\t\t\t<\/div>\n\t\t\t\t<\/div>\n\t\t\t\t<div class=\"elementor-element elementor-element-4fdc9cb elementor-view-default elementor-position-block-start elementor-mobile-position-block-start elementor-widget elementor-widget-icon-box\" data-id=\"4fdc9cb\" data-element_type=\"widget\" data-e-type=\"widget\" data-widget_type=\"icon-box.default\">\n\t\t\t\t<div class=\"elementor-widget-container\">\n\t\t\t\t\t\t\t<div class=\"elementor-icon-box-wrapper\">\n\n\t\t\t\t\t\t<div class=\"elementor-icon-box-icon\">\n\t\t\t\t<span  class=\"elementor-icon\">\n\t\t\t\t<i aria-hidden=\"true\" class=\"  w-icon-fax\"><\/i>\t\t\t\t<\/span>\n\t\t\t<\/div>\n\t\t\t\n\t\t\t\t\t\t<div class=\"elementor-icon-box-content\">\n\n\t\t\t\t\t\t\t\t\t<h4 class=\"elementor-icon-box-title\">\n\t\t\t\t\t\t<span  >\n\t\t\t\t\t\t\tWebsite\t\t\t\t\t\t<\/span>\n\t\t\t\t\t<\/h4>\n\t\t\t\t\n\t\t\t\t\t\t\t\t\t<p class=\"elementor-icon-box-description\">\n\t\t\t\t\t\twww.biotrend.ee\t\t\t\t\t<\/p>\n\t\t\t\t\n\t\t\t<\/div>\n\t\t\t\n\t\t<\/div>\n\t\t\t\t\t\t<\/div>\n\t\t\t\t<\/div>\n\t\t\t\t\t<\/div>\r\n\t\t\t\t\t\t<\/div>\r\n\t\t\t\r\n\t\t<\/div>\r\n\t\t\t\t\t\t\t\t\t\t\t\t\t\t\t<\/div>\r\n\t\t\t\t\t\t\t<\/section>\r\n\t\t\t\t<div class=\"elementor-element elementor-element-e3f5df7 mb-6 elementor-widget-divider--view-line elementor-widget elementor-widget-divider\" data-id=\"e3f5df7\" data-element_type=\"widget\" data-e-type=\"widget\" data-widget_type=\"divider.default\">\n\t\t\t\t<div class=\"elementor-widget-container\">\n\t\t\t\t\t\t\t<div class=\"elementor-divider\">\n\t\t\t<span class=\"elementor-divider-separator\">\n\t\t\t\t\t\t<\/span>\n\t\t<\/div>\n\t\t\t\t\t\t<\/div>\n\t\t\t\t<\/div>\n\t\t\t\t\t<\/div>\r\n\t\t\t\r\n\t\t<\/div>\r\n\t\t\t\t\t\t\t\t\t\t\t\t\t\t\t<\/div>\r\n\t\t\t\t\t\t\t<\/section>\r\n\t\t\t\t<section class=\" elementor-section elementor-top-section elementor-element elementor-element-2057a91 mb-4 pb-4 elementor-section-boxed elementor-section-height-default elementor-section-height-default\" data-id=\"2057a91\" data-element_type=\"section\" data-e-type=\"section\">\r\n\t\t\t\t\t\t\t\t\t\t<div class=\"elementor-container elementor-column-gap-extended\" >\r\n\t\t\t\t\t\t\t\t\t\t<div class=\" elementor-column elementor-col-50 elementor-top-column elementor-element elementor-element-3cbc193\" data-id=\"3cbc193\" data-element_type=\"column\" data-e-type=\"column\">\r\n\t\t\t\r\n\t\t\t<div class=\"elementor-widget-wrap elementor-element-populated\">\r\n\t\t\t\t\t\t\t\t<div class=\"elementor-element elementor-element-cc97d9a mb-3 elementor-widget elementor-widget-wolmart_widget_heading\" data-id=\"cc97d9a\" data-element_type=\"widget\" data-e-type=\"widget\" data-widget_type=\"wolmart_widget_heading.default\">\n\t\t\t\t<div class=\"elementor-widget-container\">\n\t\t\t\t\t<div class=\"title-wrapper  title-start\"><h4 class=\"title elementor-heading-title\">Vastused enamlevinud k\u00fcsimustele...<\/h4><\/div>\t\t\t\t<\/div>\n\t\t\t\t<\/div>\n\t\t\t\t<div class=\" elementor-section elementor-inner-section elementor-element elementor-element-22d616f elementor-section-boxed elementor-section-height-default elementor-section-height-default\" data-id=\"22d616f\" data-element_type=\"section\" data-e-type=\"section\">\r\n\t\t\t\t\t\t\t\t\t\t<div class=\"elementor-container elementor-column-gap-no accordion accordion-boxed accordion-boxed2\" >\r\n\t\t\t\t\t\t\t\t\t\t<div class=\" card elementor-column elementor-col-20 elementor-inner-column elementor-element elementor-element-36f84c4\" data-id=\"36f84c4\" data-element_type=\"column\" data-e-type=\"column\">\r\n\t\t\t\t\t\t\t<div class=\"card-header\">\r\n\t\t\t\t\t<a href=\"36f84c4\" class=\"collapse\" aria-label=\"Card Header\">\r\n\t\t\t\t\t\t\t\t\t\t\t\t<span class=\"title\">Millised on tarnspordiv\u00f5imalused?<\/span>\r\n\t\t\t\t\t\t<span class=\"toggle-icon opened\"><i class=\"  w-icon-angle-up\"><\/i><\/span><span class=\"toggle-icon closed\"><i class=\"  w-icon-angle-down\"><\/i><\/span>\t\t\t\t\t<\/a>\r\n\t\t\t\t<\/div>\r\n\t\t\t\r\n\t\t\t<div id=\"36f84c4\" class=\"card-body expanded elementor-widget-wrap elementor-element-populated\">\r\n\t\t\t\t\t\t\t\t<div class=\"elementor-element elementor-element-16c2ce0 elementor-widget elementor-widget-heading\" data-id=\"16c2ce0\" data-element_type=\"widget\" data-e-type=\"widget\" data-widget_type=\"heading.default\">\n\t\t\t\t<div class=\"elementor-widget-container\">\n\t\t\t\t\t<p class=\"elementor-heading-title elementor-size-default\">You can come to Biotrend O\u00dc, Tartu mnt.35\/J.Kunderi 8A, Tallinn. Biotrend O\u00dc's logistics partners for the delivery of orders are DPD Eesti AS, AS Eesti Post (Omniva) and Itella Estonia O\u00dc.<\/p>\t\t\t\t<\/div>\n\t\t\t\t<\/div>\n\t\t\t\t\t<\/div>\r\n\t\t\t\r\n\t\t<\/div>\r\n\t\t\t\t<div class=\" card elementor-column elementor-col-20 elementor-inner-column elementor-element elementor-element-67b9848\" data-id=\"67b9848\" data-element_type=\"column\" data-e-type=\"column\">\r\n\t\t\t\t\t\t\t<div class=\"card-header\">\r\n\t\t\t\t\t<a href=\"67b9848\" class=\"expand\" aria-label=\"Card Header\">\r\n\t\t\t\t\t\t\t\t\t\t\t\t<span class=\"title\">Kui kaua v\u00f5tab aega paki kohalej\u00f5udmine?<\/span>\r\n\t\t\t\t\t\t<span class=\"toggle-icon opened\"><i class=\"  w-icon-angle-up\"><\/i><\/span><span class=\"toggle-icon closed\"><i class=\"  w-icon-angle-down\"><\/i><\/span>\t\t\t\t\t<\/a>\r\n\t\t\t\t<\/div>\r\n\t\t\t\r\n\t\t\t<div id=\"67b9848\" class=\"card-body collapsed elementor-widget-wrap elementor-element-populated\">\r\n\t\t\t\t\t\t\t\t<div class=\"elementor-element elementor-element-c5b7c16 elementor-widget elementor-widget-heading\" data-id=\"c5b7c16\" data-element_type=\"widget\" data-e-type=\"widget\" data-widget_type=\"heading.default\">\n\t\t\t\t<div class=\"elementor-widget-container\">\n\t\t\t\t\t<p class=\"elementor-heading-title elementor-size-default\">Orders that have been placed and for which payment has been received in the bank account of Biotrend O\u00dc before 13.00 on working days will be dispatched on the same day and will normally be delivered to the Buyer on the next working day or according to the delivery time indicated on the product card.<\/p>\t\t\t\t<\/div>\n\t\t\t\t<\/div>\n\t\t\t\t\t<\/div>\r\n\t\t\t\r\n\t\t<\/div>\r\n\t\t\t\t<div class=\" card elementor-column elementor-col-20 elementor-inner-column elementor-element elementor-element-0936fd5\" data-id=\"0936fd5\" data-element_type=\"column\" data-e-type=\"column\">\r\n\t\t\t\t\t\t\t<div class=\"card-header\">\r\n\t\t\t\t\t<a href=\"0936fd5\" class=\"expand\" aria-label=\"Card Header\">\r\n\t\t\t\t\t\t\t\t\t\t\t\t<span class=\"title\">Millised on maksev\u00f5imalused?<\/span>\r\n\t\t\t\t\t\t<span class=\"toggle-icon opened\"><i class=\"  w-icon-angle-up\"><\/i><\/span><span class=\"toggle-icon closed\"><i class=\"  w-icon-angle-down\"><\/i><\/span>\t\t\t\t\t<\/a>\r\n\t\t\t\t<\/div>\r\n\t\t\t\r\n\t\t\t<div id=\"0936fd5\" class=\"card-body collapsed elementor-widget-wrap elementor-element-populated\">\r\n\t\t\t\t\t\t\t\t<div class=\"elementor-element elementor-element-e6a8c05 elementor-widget elementor-widget-heading\" data-id=\"e6a8c05\" data-element_type=\"widget\" data-e-type=\"widget\" data-widget_type=\"heading.default\">\n\t\t\t\t<div class=\"elementor-widget-container\">\n\t\t\t\t\t<p class=\"elementor-heading-title elementor-size-default\">Orders can be paid with all Estonian bank links and invoices. All prices displayed in the online shop are in euros. The payment is made outside the e-shop environment in the secure payment environment of the bank or service provider. The e-shop does not have access to the customer's bank and credit card details. NB! To confirm your order, be sure to click on the \"Back to merchant\" button after payment. If you want to pay by invoice, select \"pay by invoice\", if you want to lease, select Esto hire purchase. After the payment has been confirmed, we will send a confirmation e-mail to your e-mail address. If you pay by invoice, you must pay by the date indicated on the invoice, otherwise your order will be cancelled. The contract will enter into force when the money has been credited to the Biotrend e-shop bank account.<\/p>\t\t\t\t<\/div>\n\t\t\t\t<\/div>\n\t\t\t\t\t<\/div>\r\n\t\t\t\r\n\t\t<\/div>\r\n\t\t\t\t<div class=\" card elementor-column elementor-col-20 elementor-inner-column elementor-element elementor-element-c9a2932\" data-id=\"c9a2932\" data-element_type=\"column\" data-e-type=\"column\">\r\n\t\t\t\t\t\t\t<div class=\"card-header\">\r\n\t\t\t\t\t<a href=\"c9a2932\" class=\"expand\" aria-label=\"Card Header\">\r\n\t\t\t\t\t\t\t\t\t\t\t\t<span class=\"title\">Kas on v\u00f5imalik tasuda j\u00e4relmaksuga?<\/span>\r\n\t\t\t\t\t\t<span class=\"toggle-icon opened\"><i class=\"  w-icon-angle-up\"><\/i><\/span><span class=\"toggle-icon closed\"><i class=\"  w-icon-angle-down\"><\/i><\/span>\t\t\t\t\t<\/a>\r\n\t\t\t\t<\/div>\r\n\t\t\t\r\n\t\t\t<div id=\"c9a2932\" class=\"card-body collapsed elementor-widget-wrap elementor-element-populated\">\r\n\t\t\t\t\t\t\t\t<div class=\"elementor-element elementor-element-eb23ba3 elementor-widget elementor-widget-heading\" data-id=\"eb23ba3\" data-element_type=\"widget\" data-e-type=\"widget\" data-widget_type=\"heading.default\">\n\t\t\t\t<div class=\"elementor-widget-container\">\n\t\t\t\t\t<p class=\"elementor-heading-title elementor-size-default\">Use Esto installment when paying for products or services - the cheapest, most convenient and fastest installment link in Estonia! Add the products to your shopping cart, confirm your order and select Esto instalment link from the payment methods. When making a payment, select the appropriate period, the amount of the monthly instalment and digitally sign using your ID card or Mobile ID. Esto instalments are a fast and convenient payment solution that helps you set up a payment schedule based on the period you choose. This payment solution makes the decision in real time and helps you complete the purchase in less than 60 seconds. NOTE! Every instalment is a financial commitment. Before signing a hire-purchase agreement, read the terms and conditions of the service and consult a professional if necessary.<\/p>\t\t\t\t<\/div>\n\t\t\t\t<\/div>\n\t\t\t\t\t<\/div>\r\n\t\t\t\r\n\t\t<\/div>\r\n\t\t\t\t<div class=\" card elementor-column elementor-col-20 elementor-inner-column elementor-element elementor-element-140311e\" data-id=\"140311e\" data-element_type=\"column\" data-e-type=\"column\">\r\n\t\t\t\t\t\t\t<div class=\"card-header\">\r\n\t\t\t\t\t<a href=\"140311e\" class=\"expand\" aria-label=\"Card Header\">\r\n\t\t\t\t\t\t\t\t\t\t\t\t<span class=\"title\">Toodete tagastamine<\/span>\r\n\t\t\t\t\t\t<span class=\"toggle-icon opened\"><i class=\"  w-icon-angle-up\"><\/i><\/span><span class=\"toggle-icon closed\"><i class=\"  w-icon-angle-down\"><\/i><\/span>\t\t\t\t\t<\/a>\r\n\t\t\t\t<\/div>\r\n\t\t\t\r\n\t\t\t<div id=\"140311e\" class=\"card-body collapsed elementor-widget-wrap elementor-element-populated\">\r\n\t\t\t\t\t\t\t\t<div class=\"elementor-element elementor-element-8e08b12 elementor-widget elementor-widget-heading\" data-id=\"8e08b12\" data-element_type=\"widget\" data-e-type=\"widget\" data-widget_type=\"heading.default\">\n\t\t\t\t<div class=\"elementor-widget-container\">\n\t\t\t\t\t<p class=\"elementor-heading-title elementor-size-default\">Indeed, when you buy online, you can usually return products within 14 days. The right of return does not apply, under the law of obligations, to cosmetics and hygiene products (sealed products that are not returnable for health and hygiene reasons after opening).<\/p>\t\t\t\t<\/div>\n\t\t\t\t<\/div>\n\t\t\t\t\t<\/div>\r\n\t\t\t\r\n\t\t<\/div>\r\n\t\t\t\t\t\t\t\t\t\t\t\t\t\t\t<\/div>\r\n\t\t\t\t\t\t\t<\/div>\r\n\t\t\t\t\t<\/div>\r\n\t\t\t\r\n\t\t<\/div>\r\n\t\t\t\t<div class=\" elementor-column elementor-col-50 elementor-top-column elementor-element elementor-element-7204ed9\" data-id=\"7204ed9\" data-element_type=\"column\" data-e-type=\"column\">\r\n\t\t\t\r\n\t\t\t<div class=\"elementor-widget-wrap elementor-element-populated\">\r\n\t\t\t\t\t\t\t\t<div class=\"elementor-element elementor-element-6f003cd mb-3 elementor-widget elementor-widget-wolmart_widget_heading\" data-id=\"6f003cd\" data-element_type=\"widget\" data-e-type=\"widget\" data-widget_type=\"wolmart_widget_heading.default\">\n\t\t\t\t<div class=\"elementor-widget-container\">\n\t\t\t\t\t<div class=\"title-wrapper  title-start\"><h4 class=\"title elementor-heading-title\">Saada meile s\u00f5num...<\/h4><\/div>\t\t\t\t<\/div>\n\t\t\t\t<\/div>\n\t\t\t\t<div class=\"elementor-element elementor-element-f2f2d5d elementor-widget elementor-widget-shortcode\" data-id=\"f2f2d5d\" data-element_type=\"widget\" data-e-type=\"widget\" data-widget_type=\"shortcode.default\">\n\t\t\t\t<div class=\"elementor-widget-container\">\n\t\t\t\t\t\t\t<div class=\"elementor-shortcode\">\n<div class=\"wpcf7 no-js\" id=\"wpcf7-f3859-o1\" lang=\"et\" dir=\"ltr\" data-wpcf7-id=\"3859\">\n<div class=\"screen-reader-response\"><p role=\"status\" aria-live=\"polite\" aria-atomic=\"true\"><\/p> <ul><\/ul><\/div>\n<form action=\"\/en\/wp-json\/wp\/v2\/pages\/49728#wpcf7-f3859-o1\" method=\"post\" class=\"wpcf7-form init\" aria-label=\"Contact form\" novalidate=\"novalidate\" data-status=\"init\">\n<fieldset class=\"hidden-fields-container\"><input type=\"hidden\" name=\"_wpcf7\" value=\"3859\" \/><input type=\"hidden\" name=\"_wpcf7_version\" value=\"6.1.5\" \/><input type=\"hidden\" name=\"_wpcf7_locale\" value=\"et\" \/><input type=\"hidden\" name=\"_wpcf7_unit_tag\" value=\"wpcf7-f3859-o1\" \/><input type=\"hidden\" name=\"_wpcf7_container_post\" value=\"0\" \/><input type=\"hidden\" name=\"_wpcf7_posted_data_hash\" value=\"\" \/>\n<\/fieldset>\n<p><label> Sinu nimi<br \/>\n<span class=\"wpcf7-form-control-wrap\" data-name=\"your-name\"><input size=\"40\" maxlength=\"400\" class=\"wpcf7-form-control wpcf7-text wpcf7-validates-as-required\" autocomplete=\"name\" aria-required=\"true\" aria-invalid=\"false\" value=\"\" type=\"text\" name=\"your-name\" \/><\/span> <\/label>\n<\/p>\n<p><label> Sinu e-posti aadress<br \/>\n<span class=\"wpcf7-form-control-wrap\" data-name=\"your-email\"><input size=\"40\" maxlength=\"400\" class=\"wpcf7-form-control wpcf7-email wpcf7-validates-as-required wpcf7-text wpcf7-validates-as-email\" autocomplete=\"email\" aria-required=\"true\" aria-invalid=\"false\" value=\"\" type=\"email\" name=\"your-email\" \/><\/span> <\/label>\n<\/p>\n<p><label> Teema<br \/>\n<span class=\"wpcf7-form-control-wrap\" data-name=\"your-subject\"><input size=\"40\" maxlength=\"400\" class=\"wpcf7-form-control wpcf7-text wpcf7-validates-as-required\" aria-required=\"true\" aria-invalid=\"false\" value=\"\" type=\"text\" name=\"your-subject\" \/><\/span> <\/label>\n<\/p>\n<p><label> Sinu s\u00f5num<br \/>\n<span class=\"wpcf7-form-control-wrap\" data-name=\"your-message\"><textarea cols=\"40\" rows=\"10\" maxlength=\"2000\" class=\"wpcf7-form-control wpcf7-textarea\" aria-invalid=\"false\" name=\"your-message\"><\/textarea><\/span> <\/label>\n<\/p>\n<p><button class=\"wpcf7-form-control wpcf7-submit\" type=\"submit\" value=\"Sisesta\">Sisesta<\/button>\n<\/p><input type='hidden' class='wpcf7-pum' value='{\"closepopup\":false,\"closedelay\":0,\"openpopup\":false,\"openpopup_id\":0}' \/><div class=\"wpcf7-response-output\" aria-hidden=\"true\"><\/div>\n<\/form>\n<\/div>\n<\/div>\n\t\t\t\t\t\t<\/div>\n\t\t\t\t<\/div>\n\t\t\t\t\t<\/div>\r\n\t\t\t\r\n\t\t<\/div>\r\n\t\t\t\t\t\t\t\t\t\t\t\t\t\t\t<\/div>\r\n\t\t\t\t\t\t\t<\/section>\r\n\t\t\t\t<section class=\" elementor-section elementor-top-section elementor-element elementor-element-b114126 elementor-section-full_width elementor-section-height-default elementor-section-height-default\" data-id=\"b114126\" data-element_type=\"section\" data-e-type=\"section\">\r\n\t\t\t\t\t\t\t\t\t\t<div class=\"elementor-container elementor-column-gap-no\" >\r\n\t\t\t\t\t\t\t\t\t\t<div class=\" elementor-column elementor-col-100 elementor-top-column elementor-element elementor-element-4dfb96c\" data-id=\"4dfb96c\" data-element_type=\"column\" data-e-type=\"column\">\r\n\t\t\t\r\n\t\t\t<div class=\"elementor-widget-wrap elementor-element-populated\">\r\n\t\t\t\t\t\t\t\t<div class=\"elementor-element elementor-element-5fbbbd4 elementor-widget elementor-widget-google_maps\" data-id=\"5fbbbd4\" data-element_type=\"widget\" data-e-type=\"widget\" data-widget_type=\"google_maps.default\">\n\t\t\t\t<div class=\"elementor-widget-container\">\n\t\t\t\t\t\t\t<div class=\"elementor-custom-embed\">\n\t\t\t<iframe loading=\"lazy\"\n\t\t\t\t\tsrc=\"https:\/\/maps.google.com\/maps?q=biotrend%20O%C3%9C&#038;t=m&#038;z=15&#038;output=embed&#038;iwloc=near\"\n\t\t\t\t\ttitle=\"biotrend O\u00dc\"\n\t\t\t\t\taria-label=\"biotrend O\u00dc\"\n\t\t\t><\/iframe>\n\t\t<\/div>\n\t\t\t\t\t\t<\/div>\n\t\t\t\t<\/div>\n\t\t\t\t\t<\/div>\r\n\t\t\t\r\n\t\t<\/div>\r\n\t\t\t\t\t\t\t\t\t\t\t\t\t\t\t<\/div>\r\n\t\t\t\t\t\t\t<\/section>\r\n\t\t\t\t<\/div>\n\t\t","protected":false},"excerpt":{"rendered":"<p>V\u00f5ta meiega \u00fchendust Telefonile vastame t\u00f6\u00f6p\u00e4evadel 10:00 &#8211; 18:00 \/ E-kirja v\u00f5id meile saata iga kell ja igal ajal E-mail address biotrend@biotrend.ee Phone number +372 44 600 50 Address of representation Tartu mnt.35, Tallinn Website www.biotrend.ee Vastused enamlevinud k\u00fcsimustele&#8230; You can come to Biotrend O\u00dc, Tartu mnt.35\/J.Kunderi 8A, Tallinn. Biotrend O\u00dc&#8217;s logistics partners for the [&hellip;]<\/p>\n","protected":false},"author":1,"featured_media":0,"parent":0,"menu_order":0,"comment_status":"closed","ping_status":"closed","template":"","meta":{"footnotes":""},"class_list":["post-49728","page","type-page","status-publish","hentry"],"jetpack_sharing_enabled":true,"_links":{"self":[{"href":"https:\/\/pood.biotrend.ee\/en\/wp-json\/wp\/v2\/pages\/49728","targetHints":{"allow":["GET"]}}],"collection":[{"href":"https:\/\/pood.biotrend.ee\/en\/wp-json\/wp\/v2\/pages"}],"about":[{"href":"https:\/\/pood.biotrend.ee\/en\/wp-json\/wp\/v2\/types\/page"}],"author":[{"embeddable":true,"href":"https:\/\/pood.biotrend.ee\/en\/wp-json\/wp\/v2\/users\/1"}],"replies":[{"embeddable":true,"href":"https:\/\/pood.biotrend.ee\/en\/wp-json\/wp\/v2\/comments?post=49728"}],"version-history":[{"count":1,"href":"https:\/\/pood.biotrend.ee\/en\/wp-json\/wp\/v2\/pages\/49728\/revisions"}],"predecessor-version":[{"id":49730,"href":"https:\/\/pood.biotrend.ee\/en\/wp-json\/wp\/v2\/pages\/49728\/revisions\/49730"}],"wp:attachment":[{"href":"https:\/\/pood.biotrend.ee\/en\/wp-json\/wp\/v2\/media?parent=49728"}],"curies":[{"name":"wp","href":"https:\/\/api.w.org\/{rel}","templated":true}]}}